{"id":34538,"date":"2023-07-05T14:46:32","date_gmt":"2023-07-05T12:46:32","guid":{"rendered":"https:\/\/www.innov-atm.com\/innov-atm-stagin\/?page_id=34538"},"modified":"2026-02-05T09:44:13","modified_gmt":"2026-02-05T08:44:13","slug":"contact-us-2","status":"publish","type":"page","link":"https:\/\/www.innov-atm.com\/fr\/contact-us-2\/","title":{"rendered":"Contact"},"content":{"rendered":"\t\t<div data-elementor-type=\"wp-page\" data-elementor-id=\"34538\" class=\"elementor elementor-34538\" data-elementor-post-type=\"page\">\n\t\t\t\t\t\t<section class=\"elementor-section elementor-top-section elementor-element elementor-element-f0d3a7b elementor-section-height-min-height elementor-section-boxed elementor-section-height-default elementor-section-items-middle\" data-id=\"f0d3a7b\" data-element_type=\"section\" data-e-type=\"section\" data-settings=\"{&quot;background_background&quot;:&quot;classic&quot;}\">\n\t\t\t\t\t\t<div class=\"elementor-container elementor-column-gap-default\">\n\t\t\t\t\t<div class=\"elementor-column elementor-col-100 elementor-top-column elementor-element elementor-element-a5655fc\" data-id=\"a5655fc\" data-element_type=\"column\" data-e-type=\"column\">\n\t\t\t<div class=\"elementor-widget-wrap elementor-element-populated\">\n\t\t\t\t\t\t<div class=\"elementor-element elementor-element-9fa047b elementor-widget elementor-widget-heading\" data-id=\"9fa047b\" data-element_type=\"widget\" data-e-type=\"widget\" data-widget_type=\"heading.default\">\n\t\t\t\t<div class=\"elementor-widget-container\">\n\t\t\t\t\t<h2 class=\"elementor-heading-title elementor-size-default\">get in touch with us<\/h2>\t\t\t\t<\/div>\n\t\t\t\t<\/div>\n\t\t\t\t\t<\/div>\n\t\t<\/div>\n\t\t\t\t\t<\/div>\n\t\t<\/section>\n\t\t\t\t<section class=\"elementor-section elementor-top-section elementor-element elementor-element-efdf2a4 elementor-reverse-tablet elementor-reverse-mobile elementor-section-boxed elementor-section-height-default elementor-section-height-default\" data-id=\"efdf2a4\" data-element_type=\"section\" data-e-type=\"section\" data-settings=\"{&quot;background_background&quot;:&quot;gradient&quot;}\">\n\t\t\t\t\t\t<div class=\"elementor-container elementor-column-gap-default\">\n\t\t\t\t\t<div class=\"elementor-column elementor-col-50 elementor-top-column elementor-element elementor-element-c875209\" data-id=\"c875209\" data-element_type=\"column\" data-e-type=\"column\">\n\t\t\t<div class=\"elementor-widget-wrap elementor-element-populated\">\n\t\t\t\t\t\t<div class=\"elementor-element elementor-element-183e4e5 elementor-button-align-stretch elementor-widget elementor-widget-form\" data-id=\"183e4e5\" data-element_type=\"widget\" data-e-type=\"widget\" data-settings=\"{&quot;step_next_label&quot;:&quot;Next&quot;,&quot;step_previous_label&quot;:&quot;Previous&quot;,&quot;button_width&quot;:&quot;100&quot;,&quot;step_type&quot;:&quot;number_text&quot;,&quot;step_icon_shape&quot;:&quot;circle&quot;}\" data-widget_type=\"form.default\">\n\t\t\t\t<div class=\"elementor-widget-container\">\n\t\t\t\t\t\t\t<form class=\"elementor-form\" method=\"post\" name=\"New Form\" aria-label=\"New Form\">\n\t\t\t<input type=\"hidden\" name=\"post_id\" value=\"34538\"\/>\n\t\t\t<input type=\"hidden\" name=\"form_id\" value=\"183e4e5\"\/>\n\t\t\t<input type=\"hidden\" name=\"referer_title\" value=\"Innov&#039;ATM\" \/>\n\n\t\t\t\n\t\t\t<div class=\"elementor-form-fields-wrapper elementor-labels-above\">\n\t\t\t\t\t\t\t\t<div class=\"elementor-field-type-text elementor-field-group elementor-column elementor-field-group-name elementor-col-100 elementor-field-required elementor-mark-required\">\n\t\t\t\t\t\t\t\t\t\t\t\t<label for=\"form-field-name\" class=\"elementor-field-label\">\n\t\t\t\t\t\t\t\tName\t\t\t\t\t\t\t<\/label>\n\t\t\t\t\t\t\t\t\t\t\t\t\t\t<input size=\"1\" type=\"text\" name=\"form_fields[name]\" id=\"form-field-name\" class=\"elementor-field elementor-size-sm  elementor-field-textual\" required=\"required\">\n\t\t\t\t\t\t\t\t\t\t\t<\/div>\n\t\t\t\t\t\t\t\t<div class=\"elementor-field-type-email elementor-field-group elementor-column elementor-field-group-email elementor-col-100 elementor-field-required elementor-mark-required\">\n\t\t\t\t\t\t\t\t\t\t\t\t<label for=\"form-field-email\" class=\"elementor-field-label\">\n\t\t\t\t\t\t\t\tEmail\t\t\t\t\t\t\t<\/label>\n\t\t\t\t\t\t\t\t\t\t\t\t\t\t<input size=\"1\" type=\"email\" name=\"form_fields[email]\" id=\"form-field-email\" class=\"elementor-field elementor-size-sm  elementor-field-textual\" required=\"required\">\n\t\t\t\t\t\t\t\t\t\t\t<\/div>\n\t\t\t\t\t\t\t\t<div class=\"elementor-field-type-tel elementor-field-group elementor-column elementor-field-group-field_deab2a4 elementor-col-100\">\n\t\t\t\t\t\t\t\t\t\t\t\t<label for=\"form-field-field_deab2a4\" class=\"elementor-field-label\">\n\t\t\t\t\t\t\t\tPhone\t\t\t\t\t\t\t<\/label>\n\t\t\t\t\t\t\t\t<input size=\"1\" type=\"tel\" name=\"form_fields[field_deab2a4]\" id=\"form-field-field_deab2a4\" class=\"elementor-field elementor-size-sm  elementor-field-textual\" pattern=\"[0-9()#&amp;+*-=.]+\" title=\"Seuls les caract\u00e8res de num\u00e9ros de t\u00e9l\u00e9phone (#, -, *, etc.) sont accept\u00e9s.\">\n\n\t\t\t\t\t\t<\/div>\n\t\t\t\t\t\t\t\t<div class=\"elementor-field-type-textarea elementor-field-group elementor-column elementor-field-group-message elementor-col-100 elementor-field-required elementor-mark-required\">\n\t\t\t\t\t\t\t\t\t\t\t\t<label for=\"form-field-message\" class=\"elementor-field-label\">\n\t\t\t\t\t\t\t\tMessage\t\t\t\t\t\t\t<\/label>\n\t\t\t\t\t\t<textarea class=\"elementor-field-textual elementor-field  elementor-size-sm\" name=\"form_fields[message]\" id=\"form-field-message\" rows=\"4\" required=\"required\"><\/textarea>\t\t\t\t<\/div>\n\t\t\t\t\t\t\t\t<div class=\"elementor-field-type-recaptcha elementor-field-group elementor-column elementor-field-group-field_46a6f96 elementor-col-100\">\n\t\t\t\t\t<div class=\"elementor-field\" id=\"form-field-field_46a6f96\"><div class=\"elementor-g-recaptcha\" data-sitekey=\"6LddwIYqAAAAAAwLunFrRlH3sLsFiaLwHyQ5TYFq\" data-type=\"v2_checkbox\" data-theme=\"light\" data-size=\"normal\"><\/div><\/div>\t\t\t\t<\/div>\n\t\t\t\t\t\t\t\t<div class=\"elementor-field-group elementor-column elementor-field-type-submit elementor-col-100 e-form__buttons\">\n\t\t\t\t\t<button class=\"elementor-button elementor-size-sm\" type=\"submit\">\n\t\t\t\t\t\t<span class=\"elementor-button-content-wrapper\">\n\t\t\t\t\t\t\t\t\t\t\t\t\t\t\t\t\t\t\t\t\t\t<span class=\"elementor-button-text\">Send<\/span>\n\t\t\t\t\t\t\t\t\t\t\t\t\t<\/span>\n\t\t\t\t\t<\/button>\n\t\t\t\t<\/div>\n\t\t\t<\/div>\n\t\t<\/form>\n\t\t\t\t\t\t<\/div>\n\t\t\t\t<\/div>\n\t\t\t\t\t<\/div>\n\t\t<\/div>\n\t\t\t\t<div class=\"elementor-column elementor-col-50 elementor-top-column elementor-element elementor-element-d4ae963\" data-id=\"d4ae963\" data-element_type=\"column\" data-e-type=\"column\">\n\t\t\t<div class=\"elementor-widget-wrap elementor-element-populated\">\n\t\t\t\t\t\t<div class=\"elementor-element elementor-element-893d6ee elementor-widget elementor-widget-heading\" data-id=\"893d6ee\" data-element_type=\"widget\" data-e-type=\"widget\" data-widget_type=\"heading.default\">\n\t\t\t\t<div class=\"elementor-widget-container\">\n\t\t\t\t\t<h2 class=\"elementor-heading-title elementor-size-default\">contact<\/h2>\t\t\t\t<\/div>\n\t\t\t\t<\/div>\n\t\t\t\t<div class=\"elementor-element elementor-element-610c1c1 elementor-widget elementor-widget-text-editor\" data-id=\"610c1c1\" data-element_type=\"widget\" data-e-type=\"widget\" data-widget_type=\"text-editor.default\">\n\t\t\t\t<div class=\"elementor-widget-container\">\n\t\t\t\t\t\t\t\t\t<p>Whether you have a question about features, trials, pricing, need a demo, or anything else, our team is ready to answer all your questions<\/p>\t\t\t\t\t\t\t\t<\/div>\n\t\t\t\t<\/div>\n\t\t\t\t<section class=\"elementor-section elementor-inner-section elementor-element elementor-element-93f3ef0 elementor-section-boxed elementor-section-height-default elementor-section-height-default\" data-id=\"93f3ef0\" data-element_type=\"section\" data-e-type=\"section\">\n\t\t\t\t\t\t<div class=\"elementor-container elementor-column-gap-default\">\n\t\t\t\t\t<div class=\"elementor-column elementor-col-50 elementor-inner-column elementor-element elementor-element-6c75801\" data-id=\"6c75801\" data-element_type=\"column\" data-e-type=\"column\">\n\t\t\t<div class=\"elementor-widget-wrap elementor-element-populated\">\n\t\t\t\t\t\t<div class=\"elementor-element elementor-element-0e0465d elementor-view-default elementor-widget elementor-widget-icon\" data-id=\"0e0465d\" data-element_type=\"widget\" data-e-type=\"widget\" data-widget_type=\"icon.default\">\n\t\t\t\t<div class=\"elementor-widget-container\">\n\t\t\t\t\t\t\t<div class=\"elementor-icon-wrapper\">\n\t\t\t<div class=\"elementor-icon\">\n\t\t\t<i aria-hidden=\"true\" class=\"fas fa-phone-alt\"><\/i>\t\t\t<\/div>\n\t\t<\/div>\n\t\t\t\t\t\t<\/div>\n\t\t\t\t<\/div>\n\t\t\t\t\t<\/div>\n\t\t<\/div>\n\t\t\t\t<div class=\"elementor-column elementor-col-50 elementor-inner-column elementor-element elementor-element-af82167\" data-id=\"af82167\" data-element_type=\"column\" data-e-type=\"column\">\n\t\t\t<div class=\"elementor-widget-wrap elementor-element-populated\">\n\t\t\t\t\t\t<div class=\"elementor-element elementor-element-28d94e4 elementor-widget elementor-widget-text-editor\" data-id=\"28d94e4\" data-element_type=\"widget\" data-e-type=\"widget\" data-widget_type=\"text-editor.default\">\n\t\t\t\t<div class=\"elementor-widget-container\">\n\t\t\t\t\t\t\t\t\t<p>+33 536 477 887<\/p>\t\t\t\t\t\t\t\t<\/div>\n\t\t\t\t<\/div>\n\t\t\t\t\t<\/div>\n\t\t<\/div>\n\t\t\t\t\t<\/div>\n\t\t<\/section>\n\t\t\t\t<section class=\"elementor-section elementor-inner-section elementor-element elementor-element-047acea elementor-section-boxed elementor-section-height-default elementor-section-height-default\" data-id=\"047acea\" data-element_type=\"section\" data-e-type=\"section\">\n\t\t\t\t\t\t<div class=\"elementor-container elementor-column-gap-default\">\n\t\t\t\t\t<div class=\"elementor-column elementor-col-50 elementor-inner-column elementor-element elementor-element-d3894ce\" data-id=\"d3894ce\" data-element_type=\"column\" data-e-type=\"column\">\n\t\t\t<div class=\"elementor-widget-wrap elementor-element-populated\">\n\t\t\t\t\t\t<div class=\"elementor-element elementor-element-3d510bd elementor-view-default elementor-widget elementor-widget-icon\" data-id=\"3d510bd\" data-element_type=\"widget\" data-e-type=\"widget\" data-widget_type=\"icon.default\">\n\t\t\t\t<div class=\"elementor-widget-container\">\n\t\t\t\t\t\t\t<div class=\"elementor-icon-wrapper\">\n\t\t\t<div class=\"elementor-icon\">\n\t\t\t<i aria-hidden=\"true\" class=\"fas fa-mail-bulk\"><\/i>\t\t\t<\/div>\n\t\t<\/div>\n\t\t\t\t\t\t<\/div>\n\t\t\t\t<\/div>\n\t\t\t\t\t<\/div>\n\t\t<\/div>\n\t\t\t\t<div class=\"elementor-column elementor-col-50 elementor-inner-column elementor-element elementor-element-0e0acdc\" data-id=\"0e0acdc\" data-element_type=\"column\" data-e-type=\"column\">\n\t\t\t<div class=\"elementor-widget-wrap elementor-element-populated\">\n\t\t\t\t\t\t<div class=\"elementor-element elementor-element-b946a4e elementor-widget elementor-widget-text-editor\" data-id=\"b946a4e\" data-element_type=\"widget\" data-e-type=\"widget\" data-widget_type=\"text-editor.default\">\n\t\t\t\t<div class=\"elementor-widget-container\">\n\t\t\t\t\t\t\t\t\t<p>contact@innov-atm.com<\/p>\t\t\t\t\t\t\t\t<\/div>\n\t\t\t\t<\/div>\n\t\t\t\t\t<\/div>\n\t\t<\/div>\n\t\t\t\t\t<\/div>\n\t\t<\/section>\n\t\t\t\t<section class=\"elementor-section elementor-inner-section elementor-element elementor-element-45b3d68 elementor-section-boxed elementor-section-height-default elementor-section-height-default\" data-id=\"45b3d68\" data-element_type=\"section\" data-e-type=\"section\">\n\t\t\t\t\t\t<div class=\"elementor-container elementor-column-gap-default\">\n\t\t\t\t\t<div class=\"elementor-column elementor-col-50 elementor-inner-column elementor-element elementor-element-f2ce6f4\" data-id=\"f2ce6f4\" data-element_type=\"column\" data-e-type=\"column\">\n\t\t\t<div class=\"elementor-widget-wrap elementor-element-populated\">\n\t\t\t\t\t\t<div class=\"elementor-element elementor-element-e38fa6a elementor-view-default elementor-widget elementor-widget-icon\" data-id=\"e38fa6a\" data-element_type=\"widget\" data-e-type=\"widget\" data-widget_type=\"icon.default\">\n\t\t\t\t<div class=\"elementor-widget-container\">\n\t\t\t\t\t\t\t<div class=\"elementor-icon-wrapper\">\n\t\t\t<div class=\"elementor-icon\">\n\t\t\t<i aria-hidden=\"true\" class=\"fas fa-map-pin\"><\/i>\t\t\t<\/div>\n\t\t<\/div>\n\t\t\t\t\t\t<\/div>\n\t\t\t\t<\/div>\n\t\t\t\t\t<\/div>\n\t\t<\/div>\n\t\t\t\t<div class=\"elementor-column elementor-col-50 elementor-inner-column elementor-element elementor-element-b8507d5\" data-id=\"b8507d5\" data-element_type=\"column\" data-e-type=\"column\">\n\t\t\t<div class=\"elementor-widget-wrap elementor-element-populated\">\n\t\t\t\t\t\t<div class=\"elementor-element elementor-element-b642cfd elementor-widget elementor-widget-text-editor\" data-id=\"b642cfd\" data-element_type=\"widget\" data-e-type=\"widget\" data-widget_type=\"text-editor.default\">\n\t\t\t\t<div class=\"elementor-widget-container\">\n\t\t\t\t\t\t\t\t\t<p>15 rue Alfred Sauvy, 31270 Cugnaux<\/p>\t\t\t\t\t\t\t\t<\/div>\n\t\t\t\t<\/div>\n\t\t\t\t\t<\/div>\n\t\t<\/div>\n\t\t\t\t\t<\/div>\n\t\t<\/section>\n\t\t\t\t\t<\/div>\n\t\t<\/div>\n\t\t\t\t\t<\/div>\n\t\t<\/section>\n\t\t\t\t<\/div>\n\t\t","protected":false},"excerpt":{"rendered":"<p>get in touch with us contact Whether you have a question about features, trials, pricing, need a demo, or anything else, our team is ready to answer all your questions +33 536 477 887 contact@innov-atm.com 15 rue Alfred Sauvy, 31270 Cugnaux<\/p>","protected":false},"author":9,"featured_media":0,"parent":0,"menu_order":0,"comment_status":"closed","ping_status":"closed","template":"","meta":{"content-type":"","footnotes":""},"class_list":["post-34538","page","type-page","status-publish","hentry"],"yoast_head":"<!-- This site is optimized with the Yoast SEO plugin v27.4 - https:\/\/yoast.com\/product\/yoast-seo-wordpress\/ -->\n<title>Contact - Innov&#039;ATM<\/title>\n<meta name=\"description\" content=\"Having a new project? We\u2019ll be happy to help you\u2026 Deploy a U-space, execute a SORA, manage drone authorizations, optimize airport\u2019s operations.\" \/>\n<meta name=\"robots\" content=\"index, follow, max-snippet:-1, max-image-preview:large, max-video-preview:-1\" \/>\n<link rel=\"canonical\" href=\"https:\/\/www.innov-atm.com\/fr\/contact-us-2\/\" \/>\n<meta property=\"og:locale\" content=\"fr_FR\" \/>\n<meta property=\"og:type\" content=\"article\" \/>\n<meta property=\"og:title\" content=\"Contact - Innov&#039;ATM\" \/>\n<meta property=\"og:description\" content=\"Having a new project? We\u2019ll be happy to help you\u2026 Deploy a U-space, execute a SORA, manage drone authorizations, optimize airport\u2019s operations.\" \/>\n<meta property=\"og:url\" content=\"https:\/\/www.innov-atm.com\/fr\/contact-us-2\/\" \/>\n<meta property=\"og:site_name\" content=\"Innov&#039;ATM\" \/>\n<meta property=\"article:modified_time\" content=\"2026-02-05T08:44:13+00:00\" \/>\n<meta property=\"og:image\" content=\"https:\/\/www.innov-atm.com\/wp-content\/uploads\/2024\/05\/ussp-innov-bis.png\" \/>\n\t<meta property=\"og:image:width\" content=\"5334\" \/>\n\t<meta property=\"og:image:height\" content=\"3000\" \/>\n\t<meta property=\"og:image:type\" content=\"image\/png\" \/>\n<meta name=\"twitter:card\" content=\"summary_large_image\" \/>\n<meta name=\"twitter:label1\" content=\"Dur\u00e9e de lecture estim\u00e9e\" \/>\n\t<meta name=\"twitter:data1\" content=\"1 minute\" \/>\n<script type=\"application\/ld+json\" class=\"yoast-schema-graph\">{\"@context\":\"https:\\\/\\\/schema.org\",\"@graph\":[{\"@type\":\"WebPage\",\"@id\":\"https:\\\/\\\/www.innov-atm.com\\\/contact-us-2\\\/\",\"url\":\"https:\\\/\\\/www.innov-atm.com\\\/contact-us-2\\\/\",\"name\":\"Contact - Innov&#039;ATM\",\"isPartOf\":{\"@id\":\"https:\\\/\\\/www.innov-atm.com\\\/#website\"},\"datePublished\":\"2023-07-05T12:46:32+00:00\",\"dateModified\":\"2026-02-05T08:44:13+00:00\",\"description\":\"Having a new project? We\u2019ll be happy to help you\u2026 Deploy a U-space, execute a SORA, manage drone authorizations, optimize airport\u2019s operations.\",\"breadcrumb\":{\"@id\":\"https:\\\/\\\/www.innov-atm.com\\\/contact-us-2\\\/#breadcrumb\"},\"inLanguage\":\"fr-FR\",\"potentialAction\":[{\"@type\":\"ReadAction\",\"target\":[\"https:\\\/\\\/www.innov-atm.com\\\/contact-us-2\\\/\"]}]},{\"@type\":\"BreadcrumbList\",\"@id\":\"https:\\\/\\\/www.innov-atm.com\\\/contact-us-2\\\/#breadcrumb\",\"itemListElement\":[{\"@type\":\"ListItem\",\"position\":1,\"name\":\"Home\",\"item\":\"https:\\\/\\\/www.innov-atm.com\\\/\"},{\"@type\":\"ListItem\",\"position\":2,\"name\":\"Contact\"}]},{\"@type\":\"WebSite\",\"@id\":\"https:\\\/\\\/www.innov-atm.com\\\/#website\",\"url\":\"https:\\\/\\\/www.innov-atm.com\\\/\",\"name\":\"Innov&#039;ATM\",\"description\":\"U-Space Services Provider\",\"publisher\":{\"@id\":\"https:\\\/\\\/www.innov-atm.com\\\/#organization\"},\"alternateName\":\"Innov'ATM\",\"potentialAction\":[{\"@type\":\"SearchAction\",\"target\":{\"@type\":\"EntryPoint\",\"urlTemplate\":\"https:\\\/\\\/www.innov-atm.com\\\/?s={search_term_string}\"},\"query-input\":{\"@type\":\"PropertyValueSpecification\",\"valueRequired\":true,\"valueName\":\"search_term_string\"}}],\"inLanguage\":\"fr-FR\"},{\"@type\":\"Organization\",\"@id\":\"https:\\\/\\\/www.innov-atm.com\\\/#organization\",\"name\":\"Innov'ATM\",\"url\":\"https:\\\/\\\/www.innov-atm.com\\\/\",\"logo\":{\"@type\":\"ImageObject\",\"inLanguage\":\"fr-FR\",\"@id\":\"https:\\\/\\\/www.innov-atm.com\\\/#\\\/schema\\\/logo\\\/image\\\/\",\"url\":\"https:\\\/\\\/www.innov-atm.com\\\/wp-content\\\/uploads\\\/2020\\\/03\\\/InnovATM_Logotype-Web-Color.png\",\"contentUrl\":\"https:\\\/\\\/www.innov-atm.com\\\/wp-content\\\/uploads\\\/2020\\\/03\\\/InnovATM_Logotype-Web-Color.png\",\"width\":920,\"height\":550,\"caption\":\"Innov'ATM\"},\"image\":{\"@id\":\"https:\\\/\\\/www.innov-atm.com\\\/#\\\/schema\\\/logo\\\/image\\\/\"}}]}<\/script>\n<!-- \/ Yoast SEO plugin. -->","yoast_head_json":{"title":"Contact - Innov&#039;ATM","description":"Having a new project? We\u2019ll be happy to help you\u2026 Deploy a U-space, execute a SORA, manage drone authorizations, optimize airport\u2019s operations.","robots":{"index":"index","follow":"follow","max-snippet":"max-snippet:-1","max-image-preview":"max-image-preview:large","max-video-preview":"max-video-preview:-1"},"canonical":"https:\/\/www.innov-atm.com\/fr\/contact-us-2\/","og_locale":"fr_FR","og_type":"article","og_title":"Contact - Innov&#039;ATM","og_description":"Having a new project? We\u2019ll be happy to help you\u2026 Deploy a U-space, execute a SORA, manage drone authorizations, optimize airport\u2019s operations.","og_url":"https:\/\/www.innov-atm.com\/fr\/contact-us-2\/","og_site_name":"Innov&#039;ATM","article_modified_time":"2026-02-05T08:44:13+00:00","og_image":[{"width":5334,"height":3000,"url":"https:\/\/www.innov-atm.com\/wp-content\/uploads\/2024\/05\/ussp-innov-bis.png","type":"image\/png"}],"twitter_card":"summary_large_image","twitter_misc":{"Dur\u00e9e de lecture estim\u00e9e":"1 minute"},"schema":{"@context":"https:\/\/schema.org","@graph":[{"@type":"WebPage","@id":"https:\/\/www.innov-atm.com\/contact-us-2\/","url":"https:\/\/www.innov-atm.com\/contact-us-2\/","name":"Contact - Innov&#039;ATM","isPartOf":{"@id":"https:\/\/www.innov-atm.com\/#website"},"datePublished":"2023-07-05T12:46:32+00:00","dateModified":"2026-02-05T08:44:13+00:00","description":"Having a new project? We\u2019ll be happy to help you\u2026 Deploy a U-space, execute a SORA, manage drone authorizations, optimize airport\u2019s operations.","breadcrumb":{"@id":"https:\/\/www.innov-atm.com\/contact-us-2\/#breadcrumb"},"inLanguage":"fr-FR","potentialAction":[{"@type":"ReadAction","target":["https:\/\/www.innov-atm.com\/contact-us-2\/"]}]},{"@type":"BreadcrumbList","@id":"https:\/\/www.innov-atm.com\/contact-us-2\/#breadcrumb","itemListElement":[{"@type":"ListItem","position":1,"name":"Home","item":"https:\/\/www.innov-atm.com\/"},{"@type":"ListItem","position":2,"name":"Contact"}]},{"@type":"WebSite","@id":"https:\/\/www.innov-atm.com\/#website","url":"https:\/\/www.innov-atm.com\/","name":"Innov&#039;ATM","description":"U-Space Services Provider","publisher":{"@id":"https:\/\/www.innov-atm.com\/#organization"},"alternateName":"Innov'ATM","potentialAction":[{"@type":"SearchAction","target":{"@type":"EntryPoint","urlTemplate":"https:\/\/www.innov-atm.com\/?s={search_term_string}"},"query-input":{"@type":"PropertyValueSpecification","valueRequired":true,"valueName":"search_term_string"}}],"inLanguage":"fr-FR"},{"@type":"Organization","@id":"https:\/\/www.innov-atm.com\/#organization","name":"Innov'ATM","url":"https:\/\/www.innov-atm.com\/","logo":{"@type":"ImageObject","inLanguage":"fr-FR","@id":"https:\/\/www.innov-atm.com\/#\/schema\/logo\/image\/","url":"https:\/\/www.innov-atm.com\/wp-content\/uploads\/2020\/03\/InnovATM_Logotype-Web-Color.png","contentUrl":"https:\/\/www.innov-atm.com\/wp-content\/uploads\/2020\/03\/InnovATM_Logotype-Web-Color.png","width":920,"height":550,"caption":"Innov'ATM"},"image":{"@id":"https:\/\/www.innov-atm.com\/#\/schema\/logo\/image\/"}}]}},"_links":{"self":[{"href":"https:\/\/www.innov-atm.com\/fr\/wp-json\/wp\/v2\/pages\/34538","targetHints":{"allow":["GET"]}}],"collection":[{"href":"https:\/\/www.innov-atm.com\/fr\/wp-json\/wp\/v2\/pages"}],"about":[{"href":"https:\/\/www.innov-atm.com\/fr\/wp-json\/wp\/v2\/types\/page"}],"author":[{"embeddable":true,"href":"https:\/\/www.innov-atm.com\/fr\/wp-json\/wp\/v2\/users\/9"}],"replies":[{"embeddable":true,"href":"https:\/\/www.innov-atm.com\/fr\/wp-json\/wp\/v2\/comments?post=34538"}],"version-history":[{"count":59,"href":"https:\/\/www.innov-atm.com\/fr\/wp-json\/wp\/v2\/pages\/34538\/revisions"}],"predecessor-version":[{"id":37960,"href":"https:\/\/www.innov-atm.com\/fr\/wp-json\/wp\/v2\/pages\/34538\/revisions\/37960"}],"wp:attachment":[{"href":"https:\/\/www.innov-atm.com\/fr\/wp-json\/wp\/v2\/media?parent=34538"}],"curies":[{"name":"wp","href":"https:\/\/api.w.org\/{rel}","templated":true}]}}