{"id":35906,"date":"2023-07-11T16:25:15","date_gmt":"2023-07-11T14:25:15","guid":{"rendered":"https:\/\/www.innov-atm.com\/innov-atm-stagin\/?page_id=35906"},"modified":"2024-11-22T09:35:32","modified_gmt":"2024-11-22T08:35:32","slug":"request-a-demo","status":"publish","type":"page","link":"https:\/\/www.innov-atm.com\/fr\/request-a-demo\/","title":{"rendered":"Request a Demo"},"content":{"rendered":"\t\t<div data-elementor-type=\"wp-page\" data-elementor-id=\"35906\" class=\"elementor elementor-35906\" data-elementor-post-type=\"page\">\n\t\t\t\t\t\t<section class=\"elementor-section elementor-top-section elementor-element elementor-element-c2d9694 elementor-section-content-middle elementor-section-boxed elementor-section-height-default elementor-section-height-default\" data-id=\"c2d9694\" data-element_type=\"section\" data-e-type=\"section\" data-settings=\"{&quot;background_background&quot;:&quot;gradient&quot;}\">\n\t\t\t\t\t\t<div class=\"elementor-container elementor-column-gap-default\">\n\t\t\t\t\t<div class=\"elementor-column elementor-col-100 elementor-top-column elementor-element elementor-element-d9798f8\" data-id=\"d9798f8\" data-element_type=\"column\" data-e-type=\"column\">\n\t\t\t<div class=\"elementor-widget-wrap elementor-element-populated\">\n\t\t\t\t\t\t<div class=\"elementor-element elementor-element-b7f1d96 elementor-widget elementor-widget-heading\" data-id=\"b7f1d96\" data-element_type=\"widget\" data-e-type=\"widget\" data-widget_type=\"heading.default\">\n\t\t\t\t<div class=\"elementor-widget-container\">\n\t\t\t\t\t<h1 class=\"elementor-heading-title elementor-size-default\">Request a demo with the Team<\/h1>\t\t\t\t<\/div>\n\t\t\t\t<\/div>\n\t\t\t\t<div class=\"elementor-element elementor-element-d07869e elementor-widget elementor-widget-text-editor\" data-id=\"d07869e\" data-element_type=\"widget\" data-e-type=\"widget\" data-widget_type=\"text-editor.default\">\n\t\t\t\t<div class=\"elementor-widget-container\">\n\t\t\t\t\t\t\t\t\t<p>You would like to further discover one of our products ?\u00a0<br \/>We would be pleased to present it to you, please fill up this form so we can reach out to you.\u00a0<\/p>\t\t\t\t\t\t\t\t<\/div>\n\t\t\t\t<\/div>\n\t\t\t\t<div class=\"elementor-element elementor-element-43857b3 elementor-widget__width-initial elementor-button-align-stretch elementor-widget elementor-widget-form\" data-id=\"43857b3\" data-element_type=\"widget\" data-e-type=\"widget\" data-settings=\"{&quot;step_next_label&quot;:&quot;Next&quot;,&quot;step_previous_label&quot;:&quot;Previous&quot;,&quot;button_width&quot;:&quot;100&quot;,&quot;step_type&quot;:&quot;number_text&quot;,&quot;step_icon_shape&quot;:&quot;circle&quot;}\" data-widget_type=\"form.default\">\n\t\t\t\t<div class=\"elementor-widget-container\">\n\t\t\t\t\t\t\t<form class=\"elementor-form\" method=\"post\" name=\"New Form\" aria-label=\"New Form\">\n\t\t\t<input type=\"hidden\" name=\"post_id\" value=\"35906\"\/>\n\t\t\t<input type=\"hidden\" name=\"form_id\" value=\"43857b3\"\/>\n\t\t\t<input type=\"hidden\" name=\"referer_title\" value=\"Innov&#039;ATM\" \/>\n\n\t\t\t\n\t\t\t<div class=\"elementor-form-fields-wrapper elementor-labels-above\">\n\t\t\t\t\t\t\t\t<div class=\"elementor-field-type-email elementor-field-group elementor-column elementor-field-group-email elementor-col-100 elementor-field-required elementor-mark-required\">\n\t\t\t\t\t\t\t\t\t\t\t\t<label for=\"form-field-email\" class=\"elementor-field-label\">\n\t\t\t\t\t\t\t\tEmail\t\t\t\t\t\t\t<\/label>\n\t\t\t\t\t\t\t\t\t\t\t\t\t\t<input size=\"1\" type=\"email\" name=\"form_fields[email]\" id=\"form-field-email\" class=\"elementor-field elementor-size-sm  elementor-field-textual\" placeholder=\"Email\" required=\"required\">\n\t\t\t\t\t\t\t\t\t\t\t<\/div>\n\t\t\t\t\t\t\t\t<div class=\"elementor-field-type-text elementor-field-group elementor-column elementor-field-group-name elementor-col-100\">\n\t\t\t\t\t\t\t\t\t\t\t\t<label for=\"form-field-name\" class=\"elementor-field-label\">\n\t\t\t\t\t\t\t\tFirst Name\t\t\t\t\t\t\t<\/label>\n\t\t\t\t\t\t\t\t\t\t\t\t\t\t<input size=\"1\" type=\"text\" name=\"form_fields[name]\" id=\"form-field-name\" class=\"elementor-field elementor-size-sm  elementor-field-textual\">\n\t\t\t\t\t\t\t\t\t\t\t<\/div>\n\t\t\t\t\t\t\t\t<div class=\"elementor-field-type-text elementor-field-group elementor-column elementor-field-group-field_785fd94 elementor-col-100\">\n\t\t\t\t\t\t\t\t\t\t\t\t<label for=\"form-field-field_785fd94\" class=\"elementor-field-label\">\n\t\t\t\t\t\t\t\tLast Name\t\t\t\t\t\t\t<\/label>\n\t\t\t\t\t\t\t\t\t\t\t\t\t\t<input size=\"1\" type=\"text\" name=\"form_fields[field_785fd94]\" id=\"form-field-field_785fd94\" class=\"elementor-field elementor-size-sm  elementor-field-textual\">\n\t\t\t\t\t\t\t\t\t\t\t<\/div>\n\t\t\t\t\t\t\t\t<div class=\"elementor-field-type-tel elementor-field-group elementor-column elementor-field-group-field_6dd2741 elementor-col-100\">\n\t\t\t\t\t\t\t\t\t\t\t\t<label for=\"form-field-field_6dd2741\" class=\"elementor-field-label\">\n\t\t\t\t\t\t\t\tPhone Numer\t\t\t\t\t\t\t<\/label>\n\t\t\t\t\t\t\t\t<input size=\"1\" type=\"tel\" name=\"form_fields[field_6dd2741]\" id=\"form-field-field_6dd2741\" class=\"elementor-field elementor-size-sm  elementor-field-textual\" pattern=\"[0-9()#&amp;+*-=.]+\" title=\"Seuls les caract\u00e8res de num\u00e9ros de t\u00e9l\u00e9phone (#, -, *, etc.) sont accept\u00e9s.\">\n\n\t\t\t\t\t\t<\/div>\n\t\t\t\t\t\t\t\t<div class=\"elementor-field-type-textarea elementor-field-group elementor-column elementor-field-group-message elementor-col-100\">\n\t\t\t\t\t\t\t\t\t\t\t\t<label for=\"form-field-message\" class=\"elementor-field-label\">\n\t\t\t\t\t\t\t\tMessage\t\t\t\t\t\t\t<\/label>\n\t\t\t\t\t\t<textarea class=\"elementor-field-textual elementor-field  elementor-size-sm\" name=\"form_fields[message]\" id=\"form-field-message\" rows=\"4\" placeholder=\"Message\"><\/textarea>\t\t\t\t<\/div>\n\t\t\t\t\t\t\t\t<div class=\"elementor-field-type-recaptcha elementor-field-group elementor-column elementor-field-group-field_116b918 elementor-col-100\">\n\t\t\t\t\t<div class=\"elementor-field\" id=\"form-field-field_116b918\"><div class=\"elementor-g-recaptcha\" data-sitekey=\"6LddwIYqAAAAAAwLunFrRlH3sLsFiaLwHyQ5TYFq\" data-type=\"v2_checkbox\" data-theme=\"light\" data-size=\"normal\"><\/div><\/div>\t\t\t\t<\/div>\n\t\t\t\t\t\t\t\t<div class=\"elementor-field-group elementor-column elementor-field-type-submit elementor-col-100 e-form__buttons\">\n\t\t\t\t\t<button class=\"elementor-button elementor-size-sm\" type=\"submit\">\n\t\t\t\t\t\t<span class=\"elementor-button-content-wrapper\">\n\t\t\t\t\t\t\t\t\t\t\t\t\t\t\t\t\t\t\t\t\t\t<span class=\"elementor-button-text\">Send<\/span>\n\t\t\t\t\t\t\t\t\t\t\t\t\t<\/span>\n\t\t\t\t\t<\/button>\n\t\t\t\t<\/div>\n\t\t\t<\/div>\n\t\t<\/form>\n\t\t\t\t\t\t<\/div>\n\t\t\t\t<\/div>\n\t\t\t\t\t<\/div>\n\t\t<\/div>\n\t\t\t\t\t<\/div>\n\t\t<\/section>\n\t\t\t\t<section class=\"elementor-section elementor-top-section elementor-element elementor-element-021c4a9 elementor-section-boxed elementor-section-height-default elementor-section-height-default\" data-id=\"021c4a9\" data-element_type=\"section\" data-e-type=\"section\">\n\t\t\t\t\t\t<div class=\"elementor-container elementor-column-gap-default\">\n\t\t\t\t\t<div class=\"elementor-column elementor-col-100 elementor-top-column elementor-element elementor-element-1d75330\" data-id=\"1d75330\" data-element_type=\"column\" data-e-type=\"column\">\n\t\t\t<div class=\"elementor-widget-wrap elementor-element-populated\">\n\t\t\t\t\t\t<div class=\"elementor-element elementor-element-6d7a832 elementor-widget elementor-widget-heading\" data-id=\"6d7a832\" data-element_type=\"widget\" data-e-type=\"widget\" data-widget_type=\"heading.default\">\n\t\t\t\t<div class=\"elementor-widget-container\">\n\t\t\t\t\t<h2 class=\"elementor-heading-title elementor-size-default\">You prefer to contact us directly ?<\/h2>\t\t\t\t<\/div>\n\t\t\t\t<\/div>\n\t\t\t\t\t<\/div>\n\t\t<\/div>\n\t\t\t\t\t<\/div>\n\t\t<\/section>\n\t\t\t\t<section class=\"elementor-section elementor-inner-section elementor-element elementor-element-3f1c5e1 elementor-section-content-top elementor-section-boxed elementor-section-height-default elementor-section-height-default\" data-id=\"3f1c5e1\" data-element_type=\"section\" data-e-type=\"section\">\n\t\t\t\t\t\t<div class=\"elementor-container elementor-column-gap-default\">\n\t\t\t\t\t<div class=\"elementor-column elementor-col-50 elementor-inner-column elementor-element elementor-element-4898c960\" data-id=\"4898c960\" data-element_type=\"column\" data-e-type=\"column\">\n\t\t\t<div class=\"elementor-widget-wrap elementor-element-populated\">\n\t\t\t\t\t\t<div class=\"elementor-element elementor-element-38d281c6 elementor-view-default elementor-widget elementor-widget-icon\" data-id=\"38d281c6\" data-element_type=\"widget\" data-e-type=\"widget\" data-widget_type=\"icon.default\">\n\t\t\t\t<div class=\"elementor-widget-container\">\n\t\t\t\t\t\t\t<div class=\"elementor-icon-wrapper\">\n\t\t\t<div class=\"elementor-icon\">\n\t\t\t<i aria-hidden=\"true\" class=\"fas fa-mail-bulk\"><\/i>\t\t\t<\/div>\n\t\t<\/div>\n\t\t\t\t\t\t<\/div>\n\t\t\t\t<\/div>\n\t\t\t\t\t<\/div>\n\t\t<\/div>\n\t\t\t\t<div class=\"elementor-column elementor-col-50 elementor-inner-column elementor-element elementor-element-d3240bd\" data-id=\"d3240bd\" data-element_type=\"column\" data-e-type=\"column\">\n\t\t\t<div class=\"elementor-widget-wrap elementor-element-populated\">\n\t\t\t\t\t\t<div class=\"elementor-element elementor-element-747e529c elementor-widget elementor-widget-text-editor\" data-id=\"747e529c\" data-element_type=\"widget\" data-e-type=\"widget\" data-widget_type=\"text-editor.default\">\n\t\t\t\t<div class=\"elementor-widget-container\">\n\t\t\t\t\t\t\t\t\t<p>contact@innov-atm.com<\/p>\t\t\t\t\t\t\t\t<\/div>\n\t\t\t\t<\/div>\n\t\t\t\t\t<\/div>\n\t\t<\/div>\n\t\t\t\t\t<\/div>\n\t\t<\/section>\n\t\t\t\t<section class=\"elementor-section elementor-inner-section elementor-element elementor-element-63a30bce elementor-section-boxed elementor-section-height-default elementor-section-height-default\" data-id=\"63a30bce\" data-element_type=\"section\" data-e-type=\"section\">\n\t\t\t\t\t\t<div class=\"elementor-container elementor-column-gap-default\">\n\t\t\t\t\t<div class=\"elementor-column elementor-col-50 elementor-inner-column elementor-element elementor-element-7be250bc\" data-id=\"7be250bc\" data-element_type=\"column\" data-e-type=\"column\">\n\t\t\t<div class=\"elementor-widget-wrap elementor-element-populated\">\n\t\t\t\t\t\t<div class=\"elementor-element elementor-element-6edd3ce6 elementor-view-default elementor-widget elementor-widget-icon\" data-id=\"6edd3ce6\" data-element_type=\"widget\" data-e-type=\"widget\" data-widget_type=\"icon.default\">\n\t\t\t\t<div class=\"elementor-widget-container\">\n\t\t\t\t\t\t\t<div class=\"elementor-icon-wrapper\">\n\t\t\t<div class=\"elementor-icon\">\n\t\t\t<i aria-hidden=\"true\" class=\"fas fa-phone-alt\"><\/i>\t\t\t<\/div>\n\t\t<\/div>\n\t\t\t\t\t\t<\/div>\n\t\t\t\t<\/div>\n\t\t\t\t\t<\/div>\n\t\t<\/div>\n\t\t\t\t<div class=\"elementor-column elementor-col-50 elementor-inner-column elementor-element elementor-element-3848479b\" data-id=\"3848479b\" data-element_type=\"column\" data-e-type=\"column\">\n\t\t\t<div class=\"elementor-widget-wrap elementor-element-populated\">\n\t\t\t\t\t\t<div class=\"elementor-element elementor-element-84012a4 elementor-widget elementor-widget-text-editor\" data-id=\"84012a4\" data-element_type=\"widget\" data-e-type=\"widget\" data-widget_type=\"text-editor.default\">\n\t\t\t\t<div class=\"elementor-widget-container\">\n\t\t\t\t\t\t\t\t\t<p>+33 536 477 887<\/p>\t\t\t\t\t\t\t\t<\/div>\n\t\t\t\t<\/div>\n\t\t\t\t\t<\/div>\n\t\t<\/div>\n\t\t\t\t\t<\/div>\n\t\t<\/section>\n\t\t\t\t<section class=\"elementor-section elementor-inner-section elementor-element elementor-element-7569a71 elementor-section-boxed elementor-section-height-default elementor-section-height-default\" data-id=\"7569a71\" data-element_type=\"section\" data-e-type=\"section\">\n\t\t\t\t\t\t<div class=\"elementor-container elementor-column-gap-default\">\n\t\t\t\t\t<div class=\"elementor-column elementor-col-50 elementor-inner-column elementor-element elementor-element-6663769\" data-id=\"6663769\" data-element_type=\"column\" data-e-type=\"column\">\n\t\t\t<div class=\"elementor-widget-wrap elementor-element-populated\">\n\t\t\t\t\t\t<div class=\"elementor-element elementor-element-68e2abc1 elementor-view-default elementor-widget elementor-widget-icon\" data-id=\"68e2abc1\" data-element_type=\"widget\" data-e-type=\"widget\" data-widget_type=\"icon.default\">\n\t\t\t\t<div class=\"elementor-widget-container\">\n\t\t\t\t\t\t\t<div class=\"elementor-icon-wrapper\">\n\t\t\t<div class=\"elementor-icon\">\n\t\t\t<i aria-hidden=\"true\" class=\"fas fa-map-pin\"><\/i>\t\t\t<\/div>\n\t\t<\/div>\n\t\t\t\t\t\t<\/div>\n\t\t\t\t<\/div>\n\t\t\t\t\t<\/div>\n\t\t<\/div>\n\t\t\t\t<div class=\"elementor-column elementor-col-50 elementor-inner-column elementor-element elementor-element-172fdef8\" data-id=\"172fdef8\" data-element_type=\"column\" data-e-type=\"column\">\n\t\t\t<div class=\"elementor-widget-wrap elementor-element-populated\">\n\t\t\t\t\t\t<div class=\"elementor-element elementor-element-4472c887 elementor-widget elementor-widget-text-editor\" data-id=\"4472c887\" data-element_type=\"widget\" data-e-type=\"widget\" data-widget_type=\"text-editor.default\">\n\t\t\t\t<div class=\"elementor-widget-container\">\n\t\t\t\t\t\t\t\t\t<p>15 rue Alfred Sauvy, 31270 Cugnaux<\/p>\t\t\t\t\t\t\t\t<\/div>\n\t\t\t\t<\/div>\n\t\t\t\t\t<\/div>\n\t\t<\/div>\n\t\t\t\t\t<\/div>\n\t\t<\/section>\n\t\t\t\t<\/div>\n\t\t","protected":false},"excerpt":{"rendered":"<p>Request a demo with the Team You would like to further discover one of our products ?\u00a0We would be pleased to present it to you, please fill up this form so we can reach out to you.\u00a0 You prefer to contact us directly ? contact@innov-atm.com +33 536 477 887 15 rue Alfred Sauvy, 31270 Cugnaux<\/p>","protected":false},"author":9,"featured_media":0,"parent":0,"menu_order":0,"comment_status":"closed","ping_status":"closed","template":"","meta":{"content-type":"","footnotes":""},"class_list":["post-35906","page","type-page","status-publish","hentry"],"yoast_head":"<!-- This site is optimized with the Yoast SEO plugin v27.4 - https:\/\/yoast.com\/product\/yoast-seo-wordpress\/ -->\n<title>Request a Demo - Innov&#039;ATM<\/title>\n<meta name=\"robots\" content=\"index, follow, max-snippet:-1, max-image-preview:large, max-video-preview:-1\" \/>\n<link rel=\"canonical\" href=\"https:\/\/www.innov-atm.com\/fr\/request-a-demo\/\" \/>\n<meta property=\"og:locale\" content=\"fr_FR\" \/>\n<meta property=\"og:type\" content=\"article\" \/>\n<meta property=\"og:title\" content=\"Request a Demo - Innov&#039;ATM\" \/>\n<meta property=\"og:description\" content=\"Request a demo with the Team You would like to further discover one of our products ?\u00a0We would be pleased to present it to you, please fill up this form so we can reach out to you.\u00a0 You prefer to contact us directly ? contact@innov-atm.com +33 536 477 887 15 rue Alfred Sauvy, 31270 Cugnaux\" \/>\n<meta property=\"og:url\" content=\"https:\/\/www.innov-atm.com\/fr\/request-a-demo\/\" \/>\n<meta property=\"og:site_name\" content=\"Innov&#039;ATM\" \/>\n<meta property=\"article:modified_time\" content=\"2024-11-22T08:35:32+00:00\" \/>\n<meta property=\"og:image\" content=\"https:\/\/www.innov-atm.com\/wp-content\/uploads\/2024\/05\/ussp-innov-bis.png\" \/>\n\t<meta property=\"og:image:width\" content=\"5334\" \/>\n\t<meta property=\"og:image:height\" content=\"3000\" \/>\n\t<meta property=\"og:image:type\" content=\"image\/png\" \/>\n<meta name=\"twitter:card\" content=\"summary_large_image\" \/>\n<meta name=\"twitter:label1\" content=\"Dur\u00e9e de lecture estim\u00e9e\" \/>\n\t<meta name=\"twitter:data1\" content=\"1 minute\" \/>\n<script type=\"application\/ld+json\" class=\"yoast-schema-graph\">{\"@context\":\"https:\\\/\\\/schema.org\",\"@graph\":[{\"@type\":\"WebPage\",\"@id\":\"https:\\\/\\\/www.innov-atm.com\\\/request-a-demo\\\/\",\"url\":\"https:\\\/\\\/www.innov-atm.com\\\/request-a-demo\\\/\",\"name\":\"Request a Demo - Innov&#039;ATM\",\"isPartOf\":{\"@id\":\"https:\\\/\\\/www.innov-atm.com\\\/#website\"},\"datePublished\":\"2023-07-11T14:25:15+00:00\",\"dateModified\":\"2024-11-22T08:35:32+00:00\",\"breadcrumb\":{\"@id\":\"https:\\\/\\\/www.innov-atm.com\\\/request-a-demo\\\/#breadcrumb\"},\"inLanguage\":\"fr-FR\",\"potentialAction\":[{\"@type\":\"ReadAction\",\"target\":[\"https:\\\/\\\/www.innov-atm.com\\\/request-a-demo\\\/\"]}]},{\"@type\":\"BreadcrumbList\",\"@id\":\"https:\\\/\\\/www.innov-atm.com\\\/request-a-demo\\\/#breadcrumb\",\"itemListElement\":[{\"@type\":\"ListItem\",\"position\":1,\"name\":\"Home\",\"item\":\"https:\\\/\\\/www.innov-atm.com\\\/\"},{\"@type\":\"ListItem\",\"position\":2,\"name\":\"Request a Demo\"}]},{\"@type\":\"WebSite\",\"@id\":\"https:\\\/\\\/www.innov-atm.com\\\/#website\",\"url\":\"https:\\\/\\\/www.innov-atm.com\\\/\",\"name\":\"Innov&#039;ATM\",\"description\":\"U-Space Services Provider\",\"publisher\":{\"@id\":\"https:\\\/\\\/www.innov-atm.com\\\/#organization\"},\"alternateName\":\"Innov'ATM\",\"potentialAction\":[{\"@type\":\"SearchAction\",\"target\":{\"@type\":\"EntryPoint\",\"urlTemplate\":\"https:\\\/\\\/www.innov-atm.com\\\/?s={search_term_string}\"},\"query-input\":{\"@type\":\"PropertyValueSpecification\",\"valueRequired\":true,\"valueName\":\"search_term_string\"}}],\"inLanguage\":\"fr-FR\"},{\"@type\":\"Organization\",\"@id\":\"https:\\\/\\\/www.innov-atm.com\\\/#organization\",\"name\":\"Innov'ATM\",\"url\":\"https:\\\/\\\/www.innov-atm.com\\\/\",\"logo\":{\"@type\":\"ImageObject\",\"inLanguage\":\"fr-FR\",\"@id\":\"https:\\\/\\\/www.innov-atm.com\\\/#\\\/schema\\\/logo\\\/image\\\/\",\"url\":\"https:\\\/\\\/www.innov-atm.com\\\/wp-content\\\/uploads\\\/2020\\\/03\\\/InnovATM_Logotype-Web-Color.png\",\"contentUrl\":\"https:\\\/\\\/www.innov-atm.com\\\/wp-content\\\/uploads\\\/2020\\\/03\\\/InnovATM_Logotype-Web-Color.png\",\"width\":920,\"height\":550,\"caption\":\"Innov'ATM\"},\"image\":{\"@id\":\"https:\\\/\\\/www.innov-atm.com\\\/#\\\/schema\\\/logo\\\/image\\\/\"}}]}<\/script>\n<!-- \/ Yoast SEO plugin. -->","yoast_head_json":{"title":"Request a Demo - Innov&#039;ATM","robots":{"index":"index","follow":"follow","max-snippet":"max-snippet:-1","max-image-preview":"max-image-preview:large","max-video-preview":"max-video-preview:-1"},"canonical":"https:\/\/www.innov-atm.com\/fr\/request-a-demo\/","og_locale":"fr_FR","og_type":"article","og_title":"Request a Demo - Innov&#039;ATM","og_description":"Request a demo with the Team You would like to further discover one of our products ?\u00a0We would be pleased to present it to you, please fill up this form so we can reach out to you.\u00a0 You prefer to contact us directly ? contact@innov-atm.com +33 536 477 887 15 rue Alfred Sauvy, 31270 Cugnaux","og_url":"https:\/\/www.innov-atm.com\/fr\/request-a-demo\/","og_site_name":"Innov&#039;ATM","article_modified_time":"2024-11-22T08:35:32+00:00","og_image":[{"width":5334,"height":3000,"url":"https:\/\/www.innov-atm.com\/wp-content\/uploads\/2024\/05\/ussp-innov-bis.png","type":"image\/png"}],"twitter_card":"summary_large_image","twitter_misc":{"Dur\u00e9e de lecture estim\u00e9e":"1 minute"},"schema":{"@context":"https:\/\/schema.org","@graph":[{"@type":"WebPage","@id":"https:\/\/www.innov-atm.com\/request-a-demo\/","url":"https:\/\/www.innov-atm.com\/request-a-demo\/","name":"Request a Demo - Innov&#039;ATM","isPartOf":{"@id":"https:\/\/www.innov-atm.com\/#website"},"datePublished":"2023-07-11T14:25:15+00:00","dateModified":"2024-11-22T08:35:32+00:00","breadcrumb":{"@id":"https:\/\/www.innov-atm.com\/request-a-demo\/#breadcrumb"},"inLanguage":"fr-FR","potentialAction":[{"@type":"ReadAction","target":["https:\/\/www.innov-atm.com\/request-a-demo\/"]}]},{"@type":"BreadcrumbList","@id":"https:\/\/www.innov-atm.com\/request-a-demo\/#breadcrumb","itemListElement":[{"@type":"ListItem","position":1,"name":"Home","item":"https:\/\/www.innov-atm.com\/"},{"@type":"ListItem","position":2,"name":"Request a Demo"}]},{"@type":"WebSite","@id":"https:\/\/www.innov-atm.com\/#website","url":"https:\/\/www.innov-atm.com\/","name":"Innov&#039;ATM","description":"U-Space Services Provider","publisher":{"@id":"https:\/\/www.innov-atm.com\/#organization"},"alternateName":"Innov'ATM","potentialAction":[{"@type":"SearchAction","target":{"@type":"EntryPoint","urlTemplate":"https:\/\/www.innov-atm.com\/?s={search_term_string}"},"query-input":{"@type":"PropertyValueSpecification","valueRequired":true,"valueName":"search_term_string"}}],"inLanguage":"fr-FR"},{"@type":"Organization","@id":"https:\/\/www.innov-atm.com\/#organization","name":"Innov'ATM","url":"https:\/\/www.innov-atm.com\/","logo":{"@type":"ImageObject","inLanguage":"fr-FR","@id":"https:\/\/www.innov-atm.com\/#\/schema\/logo\/image\/","url":"https:\/\/www.innov-atm.com\/wp-content\/uploads\/2020\/03\/InnovATM_Logotype-Web-Color.png","contentUrl":"https:\/\/www.innov-atm.com\/wp-content\/uploads\/2020\/03\/InnovATM_Logotype-Web-Color.png","width":920,"height":550,"caption":"Innov'ATM"},"image":{"@id":"https:\/\/www.innov-atm.com\/#\/schema\/logo\/image\/"}}]}},"_links":{"self":[{"href":"https:\/\/www.innov-atm.com\/fr\/wp-json\/wp\/v2\/pages\/35906","targetHints":{"allow":["GET"]}}],"collection":[{"href":"https:\/\/www.innov-atm.com\/fr\/wp-json\/wp\/v2\/pages"}],"about":[{"href":"https:\/\/www.innov-atm.com\/fr\/wp-json\/wp\/v2\/types\/page"}],"author":[{"embeddable":true,"href":"https:\/\/www.innov-atm.com\/fr\/wp-json\/wp\/v2\/users\/9"}],"replies":[{"embeddable":true,"href":"https:\/\/www.innov-atm.com\/fr\/wp-json\/wp\/v2\/comments?post=35906"}],"version-history":[{"count":58,"href":"https:\/\/www.innov-atm.com\/fr\/wp-json\/wp\/v2\/pages\/35906\/revisions"}],"predecessor-version":[{"id":37796,"href":"https:\/\/www.innov-atm.com\/fr\/wp-json\/wp\/v2\/pages\/35906\/revisions\/37796"}],"wp:attachment":[{"href":"https:\/\/www.innov-atm.com\/fr\/wp-json\/wp\/v2\/media?parent=35906"}],"curies":[{"name":"wp","href":"https:\/\/api.w.org\/{rel}","templated":true}]}}